{"id":1154,"date":"2026-01-01T01:46:28","date_gmt":"2026-01-01T06:46:28","guid":{"rendered":"http:\/\/shadanmart.com\/?page_id=1154"},"modified":"2026-01-22T21:19:52","modified_gmt":"2026-01-23T02:19:52","slug":"sales","status":"publish","type":"page","link":"https:\/\/shadanmart.com\/fr\/sales\/","title":{"rendered":"Sales"},"content":{"rendered":"<div data-elementor-type=\"wp-page\" data-elementor-id=\"1154\" class=\"elementor elementor-1154\">\n\t\t\t\t<div class=\"elementor-element elementor-element-2959a05 e-flex e-con-boxed e-con e-parent\" data-id=\"2959a05\" data-element_type=\"container\">\n\t\t\t\t\t<div class=\"e-con-inner\">\n\t\t\t\t<div class=\"elementor-element elementor-element-793aef9 elementor-widget elementor-widget-shortcode\" data-id=\"793aef9\" data-element_type=\"widget\" data-widget_type=\"shortcode.default\">\n\t\t\t\t\t\t\t<div class=\"elementor-shortcode\">\n<\/div>\n\t\t\t\t\t\t<\/div>\n\t\t\t\t\t<\/div>\n\t\t\t\t<\/div>\n\t\t<div class=\"elementor-element elementor-element-49682f5 e-flex e-con-boxed e-con e-parent\" data-id=\"49682f5\" data-element_type=\"container\">\n\t\t\t\t\t<div class=\"e-con-inner\">\n\t\t\t\t<div class=\"elementor-element elementor-element-84fde7d elementor-widget__width-inherit elementor-widget elementor-widget-shortcode\" data-id=\"84fde7d\" data-element_type=\"widget\" data-widget_type=\"shortcode.default\">\n\t\t\t\t\t\t\t<div class=\"elementor-shortcode\"><div class=\"woocommerce columns-4\"><div class=\"woocommerce-notices-wrapper\"><\/div><div class=\"oceanwp-toolbar clr\"><form class=\"woocommerce-ordering\" method=\"get\" action=\"\">\n\t\t<select\n\t\tname=\"orderby\"\n\t\tclass=\"orderby\"\n\t\t\t\t\taria-label=\"Commande\" data-no-translation-aria-label=\"\"\n\t\t\t>\n\t\t\t\t\t<option value=\"menu_order\"  selected='selected' data-no-translation=\"\" data-trp-gettext=\"\">Tri par d\u00e9faut<\/option>\n\t\t\t\t\t<option value=\"popularity\" data-no-translation=\"\" data-trp-gettext=\"\" >Tri par popularit\u00e9<\/option>\n\t\t\t\t\t<option value=\"rating\" data-no-translation=\"\" data-trp-gettext=\"\" >Tri par notes moyennes<\/option>\n\t\t\t\t\t<option value=\"date\" data-no-translation=\"\" data-trp-gettext=\"\" >Trier du plus r\u00e9cent au plus ancien<\/option>\n\t\t\t\t\t<option value=\"price\" data-no-translation=\"\" data-trp-gettext=\"\" >Tri par tarif croissant<\/option>\n\t\t\t\t\t<option value=\"price-desc\" data-no-translation=\"\" data-trp-gettext=\"\" >Tri par tarif d\u00e9croissant<\/option>\n\t\t\t<\/select>\n\t<input type=\"hidden\" name=\"paged\" value=\"1\" \/>\n\t<input type=\"hidden\" name=\"trp-form-language\" value=\"fr\"\/><\/form>\n<\/div>\r\n<ul class=\"products oceanwp-row clr grid tablet-col tablet-2-col mobile-col mobile-1-col\">\r\n<li class=\"entry has-media has-product-nav col span_1_of_4 owp-content-center owp-thumbs-layout-horizontal owp-btn-normal owp-tabs-layout-horizontal product type-product post-1966 status-publish first instock product_cat-general-groceries product_cat-spices has-post-thumbnail sale taxable shipping-taxable purchasable product-type-simple\">\n\t<div class=\"product-inner clr\">\r\n\t<div class=\"woo-entry-image-swap woo-entry-image clr\">\r\n\t\t<a href=\"https:\/\/shadanmart.com\/fr\/produit\/ghaenat-saffron-1-mesghal\/\" class=\"woocommerce-LoopProduct-link\"><img fetchpriority=\"high\" decoding=\"async\" width=\"265\" height=\"265\" src=\"https:\/\/shadanmart.com\/wp-content\/uploads\/2026\/01\/Safaran-265x265.jpg\" class=\"woo-entry-image-main\" alt=\"Ghaenat | Saffron (1 Mesghal)\" itemprop=\"image\" srcset=\"https:\/\/shadanmart.com\/wp-content\/uploads\/2026\/01\/Safaran-265x265.jpg 265w, https:\/\/shadanmart.com\/wp-content\/uploads\/2026\/01\/Safaran-300x300.jpg 300w, https:\/\/shadanmart.com\/wp-content\/uploads\/2026\/01\/Safaran-150x150.jpg 150w, https:\/\/shadanmart.com\/wp-content\/uploads\/2026\/01\/Safaran-768x768.jpg 768w, https:\/\/shadanmart.com\/wp-content\/uploads\/2026\/01\/Safaran-12x12.jpg 12w, https:\/\/shadanmart.com\/wp-content\/uploads\/2026\/01\/Safaran-600x600.jpg 600w, https:\/\/shadanmart.com\/wp-content\/uploads\/2026\/01\/Safaran-800x800.jpg 800w, https:\/\/shadanmart.com\/wp-content\/uploads\/2026\/01\/Safaran-100x100.jpg 100w, https:\/\/shadanmart.com\/wp-content\/uploads\/2026\/01\/Safaran.jpg 1024w\" sizes=\"(max-width: 265px) 100vw, 265px\" \/><img decoding=\"async\" width=\"265\" height=\"265\" src=\"https:\/\/shadanmart.com\/wp-content\/uploads\/2026\/01\/saffron-265x265.jpg\" class=\"woo-entry-image-secondary\" alt=\"Ghaenat | Saffron (1 Mesghal)\" itemprop=\"image\" srcset=\"https:\/\/shadanmart.com\/wp-content\/uploads\/2026\/01\/saffron-265x265.jpg 265w, https:\/\/shadanmart.com\/wp-content\/uploads\/2026\/01\/saffron-300x300.jpg 300w, https:\/\/shadanmart.com\/wp-content\/uploads\/2026\/01\/saffron-150x150.jpg 150w, https:\/\/shadanmart.com\/wp-content\/uploads\/2026\/01\/saffron-12x12.jpg 12w, https:\/\/shadanmart.com\/wp-content\/uploads\/2026\/01\/saffron-100x100.jpg 100w, https:\/\/shadanmart.com\/wp-content\/uploads\/2026\/01\/saffron.jpg 500w\" sizes=\"(max-width: 265px) 100vw, 265px\" \/><\/a><a href=\"#\" id=\"product_id_1966\" class=\"owp-quick-view\" data-product_id=\"1966\" aria-label=\"Quickly preview product Ghaenat | Saffron (1 Mesghal)\"><i class=\"icon-eye\" aria-hidden=\"true\" role=\"img\"><\/i> Vue rapide<\/a>\t<\/div><!-- .woo-entry-image-swap -->\r\n\r\n<ul class=\"woo-entry-inner clr\"><li class=\"image-wrap\">\n\t<span class=\"onsale\" data-no-translation=\"\" data-trp-gettext=\"\">Promo!<\/span>\n\t\r\n\t<div class=\"woo-entry-image-swap woo-entry-image clr\">\r\n\t\t<a href=\"https:\/\/shadanmart.com\/fr\/produit\/ghaenat-saffron-1-mesghal\/\" class=\"woocommerce-LoopProduct-link\"><img fetchpriority=\"high\" decoding=\"async\" width=\"265\" height=\"265\" src=\"https:\/\/shadanmart.com\/wp-content\/uploads\/2026\/01\/Safaran-265x265.jpg\" class=\"woo-entry-image-main\" alt=\"Ghaenat | Saffron (1 Mesghal)\" itemprop=\"image\" srcset=\"https:\/\/shadanmart.com\/wp-content\/uploads\/2026\/01\/Safaran-265x265.jpg 265w, https:\/\/shadanmart.com\/wp-content\/uploads\/2026\/01\/Safaran-300x300.jpg 300w, https:\/\/shadanmart.com\/wp-content\/uploads\/2026\/01\/Safaran-150x150.jpg 150w, https:\/\/shadanmart.com\/wp-content\/uploads\/2026\/01\/Safaran-768x768.jpg 768w, https:\/\/shadanmart.com\/wp-content\/uploads\/2026\/01\/Safaran-12x12.jpg 12w, https:\/\/shadanmart.com\/wp-content\/uploads\/2026\/01\/Safaran-600x600.jpg 600w, https:\/\/shadanmart.com\/wp-content\/uploads\/2026\/01\/Safaran-800x800.jpg 800w, https:\/\/shadanmart.com\/wp-content\/uploads\/2026\/01\/Safaran-100x100.jpg 100w, https:\/\/shadanmart.com\/wp-content\/uploads\/2026\/01\/Safaran.jpg 1024w\" sizes=\"(max-width: 265px) 100vw, 265px\" \/><img decoding=\"async\" width=\"265\" height=\"265\" src=\"https:\/\/shadanmart.com\/wp-content\/uploads\/2026\/01\/saffron-265x265.jpg\" class=\"woo-entry-image-secondary\" alt=\"Ghaenat | Saffron (1 Mesghal)\" itemprop=\"image\" srcset=\"https:\/\/shadanmart.com\/wp-content\/uploads\/2026\/01\/saffron-265x265.jpg 265w, https:\/\/shadanmart.com\/wp-content\/uploads\/2026\/01\/saffron-300x300.jpg 300w, https:\/\/shadanmart.com\/wp-content\/uploads\/2026\/01\/saffron-150x150.jpg 150w, https:\/\/shadanmart.com\/wp-content\/uploads\/2026\/01\/saffron-12x12.jpg 12w, https:\/\/shadanmart.com\/wp-content\/uploads\/2026\/01\/saffron-100x100.jpg 100w, https:\/\/shadanmart.com\/wp-content\/uploads\/2026\/01\/saffron.jpg 500w\" sizes=\"(max-width: 265px) 100vw, 265px\" \/><\/a><a href=\"#\" id=\"product_id_1966\" class=\"owp-quick-view\" data-product_id=\"1966\" aria-label=\"Quickly preview product Ghaenat | Saffron (1 Mesghal)\"><i class=\"icon-eye\" aria-hidden=\"true\" role=\"img\"><\/i> Vue rapide<\/a>\t<\/div><!-- .woo-entry-image-swap -->\r\n\r\n<\/li><li class=\"category\"><a href=\"https:\/\/shadanmart.com\/fr\/categorie-produit\/general-groceries\/\" rel=\"tag\">General Groceries<\/a>, <a href=\"https:\/\/shadanmart.com\/fr\/categorie-produit\/spices\/\" rel=\"tag\">Spices<\/a><\/li><li class=\"title\"><h2><a href=\"https:\/\/shadanmart.com\/fr\/produit\/ghaenat-saffron-1-mesghal\/\">Ghaenat | Saffron (1 Mesghal)<\/a><\/h2><\/li><li class=\"price-wrap\">\n\t<span class=\"price\"><del aria-hidden=\"true\"><span class=\"woocommerce-Price-amount amount\"><bdi><span class=\"woocommerce-Price-currencySymbol\">&#36;<\/span>30.00<\/bdi><\/span><\/del> <span class=\"screen-reader-text\" data-no-translation=\"\" data-trp-gettext=\"\">Le prix initial \u00e9tait\u00a0: &#036;30.00.<\/span><ins aria-hidden=\"true\"><span class=\"woocommerce-Price-amount amount\"><bdi><span class=\"woocommerce-Price-currencySymbol\">&#36;<\/span>20.00<\/bdi><\/span><\/ins><span class=\"screen-reader-text\" data-no-translation=\"\" data-trp-gettext=\"\">Le prix actuel est\u00a0: &#036;20.00.<\/span><\/span>\n<\/li><li class=\"rating\"><\/li><li class=\"btn-wrap clr\"><a href=\"\/fr\/wp-json\/wp\/v2\/pages\/1154?add-to-cart=1966\" aria-describedby=\"woocommerce_loop_add_to_cart_link_describedby_1966\" data-quantity=\"1\" class=\"button product_type_simple add_to_cart_button ajax_add_to_cart\" data-product_id=\"1966\" data-product_sku=\"\" aria-label=\"Ajouter au panier\u00a0: \u201cGhaenat | Saffron (1 Mesghal)\u201d\" rel=\"nofollow\" data-success_message=\"\u00ab\u00a0Ghaenat | Saffron (1 Mesghal)\u00a0\u00bb a \u00e9t\u00e9 ajout\u00e9 \u00e0 votre panier\" role=\"button\" data-no-translation=\"\" data-trp-gettext=\"\" data-no-translation-aria-label=\"\" data-no-translation-data-success_message=\"\">Ajouter au panier<\/a>\t<span id=\"woocommerce_loop_add_to_cart_link_describedby_1966\" class=\"screen-reader-text\">\n\t\t\t<\/span>\n<\/li><\/ul><\/div><!-- .product-inner .clr --><div class=\"tinv-wraper woocommerce tinv-wishlist tinvwl-after-add-to-cart tinvwl-loop-button-wrapper tinvwl-woocommerce_after_shop_loop_item\"\r\n\t data-tinvwl_product_id=\"1966\">\r\n\t<div class=\"tinv-wishlist-clear\"><\/div><a role=\"button\" tabindex=\"0\" name=\"add-to-wishlist\" aria-label=\"Add to Wishlist\" class=\"tinvwl_add_to_wishlist_button tinvwl-icon-heart  tinvwl-position-after tinvwl-loop\" data-tinv-wl-list=\"[]\" data-tinv-wl-product=\"1966\" data-tinv-wl-productvariation=\"0\" data-tinv-wl-productvariations=\"[]\" data-tinv-wl-producttype=\"simple\" data-tinv-wl-action=\"add\"><span class=\"tinvwl_add_to_wishlist-text\">Add to Wishlist<\/span><\/a><div class=\"tinv-wishlist-clear\"><\/div>\t\t<div\r\n\t\tclass=\"tinvwl-tooltip\">Add to Wishlist<\/div>\r\n<\/div>\r\n<\/li>\n<\/ul>\n<\/div>\n<\/div>\n\t\t\t\t\t\t<\/div>\n\t\t\t\t\t<\/div>\n\t\t\t\t<\/div>\n\t\t<div class=\"elementor-element elementor-element-e5720e1 e-flex e-con-boxed e-con e-parent\" data-id=\"e5720e1\" data-element_type=\"container\">\n\t\t\t\t\t<div class=\"e-con-inner\">\n\t\t\t\t<div class=\"elementor-element elementor-element-5890897 elementor-widget__width-initial elementor-widget elementor-widget-shortcode\" data-id=\"5890897\" data-element_type=\"widget\" data-widget_type=\"shortcode.default\">\n\t\t\t\t\t\t\t\t\t\t\t\t<style type=\"text\/css\" media=\"screen\">\n\t\t\t\t\t\t\t#is-ajax-search-result-1138 .is-highlight { background-color: #FFFFB9 !important;}\n\t\t\t\t\t\t\t#is-ajax-search-result-1138 .meta .is-highlight { background-color: transparent !important;}\n\t\t\t\t\t\t\t<\/style>\n\t\t\t\t\t\t\t\t<div class=\"elementor-shortcode\"><form data-min-no-for-search=\"3\" data-result-box-max-height=\"400\" data-form-id=\"1138\" class=\"is-search-form is-form-style is-form-style-3 is-form-id-1138 is-ajax-search\" action=\"https:\/\/shadanmart.com\/fr\/\" method=\"get\" role=\"search\" data-trp-original-action=\"https:\/\/shadanmart.com\/fr\/\" ><label for=\"is-search-input-1138\"><span class=\"is-screen-reader-text\">Search for:<\/span><input  type=\"search\" id=\"is-search-input-1138\" name=\"s\" value=\"\" class=\"is-search-input\" placeholder=\"Search here...\" autocomplete=\"off\" \/><span class=\"is-loader-image\" style=\"display: none;background-image:url(https:\/\/shadanmart.com\/wp-content\/plugins\/add-search-to-menu\/public\/images\/spinner.gif);\" ><\/span><\/label><button type=\"submit\" class=\"is-search-submit\"><span class=\"is-screen-reader-text\">Search Button<\/span><span class=\"is-search-icon\"><svg focusable=\"false\" aria-label=\"Search\" xmlns=\"http:\/\/www.w3.org\/2000\/svg\" viewbox=\"0 0 24 24\" width=\"24px\"><path d=\"M15.5 14h-.79l-.28-.27C15.41 12.59 16 11.11 16 9.5 16 5.91 13.09 3 9.5 3S3 5.91 3 9.5 5.91 16 9.5 16c1.61 0 3.09-.59 4.23-1.57l.27.28v.79l5 4.99L20.49 19l-4.99-5zm-6 0C7.01 14 5 11.99 5 9.5S7.01 5 9.5 5 14 7.01 14 9.5 11.99 14 9.5 14z\"><\/path><\/svg><\/span><\/button><input type=\"hidden\" name=\"id\" value=\"1138\" \/><input type=\"hidden\" name=\"post_type\" value=\"product\" \/><input type=\"hidden\" name=\"trp-form-language\" value=\"fr\"\/><\/form><\/div>\n\t\t\t\t\t\t<\/div>\n\t\t\t\t\t<\/div>\n\t\t\t\t<\/div>\n\t\t\t\t<\/div>","protected":false},"excerpt":{"rendered":"","protected":false},"author":1,"featured_media":0,"parent":0,"menu_order":0,"comment_status":"closed","ping_status":"closed","template":"","meta":{"ocean_post_layout":"","ocean_both_sidebars_style":"","ocean_both_sidebars_content_width":0,"ocean_both_sidebars_sidebars_width":0,"ocean_sidebar":"","ocean_second_sidebar":"","ocean_disable_margins":"enable","ocean_add_body_class":"","ocean_shortcode_before_top_bar":"","ocean_shortcode_after_top_bar":"","ocean_shortcode_before_header":"","ocean_shortcode_after_header":"","ocean_has_shortcode":"","ocean_shortcode_after_title":"","ocean_shortcode_before_footer_widgets":"","ocean_shortcode_after_footer_widgets":"","ocean_shortcode_before_footer_bottom":"","ocean_shortcode_after_footer_bottom":"","ocean_display_top_bar":"default","ocean_display_header":"default","ocean_header_style":"","ocean_center_header_left_menu":"","ocean_custom_header_template":"","ocean_custom_logo":0,"ocean_custom_retina_logo":0,"ocean_custom_logo_max_width":0,"ocean_custom_logo_tablet_max_width":0,"ocean_custom_logo_mobile_max_width":0,"ocean_custom_logo_max_height":0,"ocean_custom_logo_tablet_max_height":0,"ocean_custom_logo_mobile_max_height":0,"ocean_header_custom_menu":"","ocean_menu_typo_font_family":"","ocean_menu_typo_font_subset":"","ocean_menu_typo_font_size":0,"ocean_menu_typo_font_size_tablet":0,"ocean_menu_typo_font_size_mobile":0,"ocean_menu_typo_font_size_unit":"px","ocean_menu_typo_font_weight":"","ocean_menu_typo_font_weight_tablet":"","ocean_menu_typo_font_weight_mobile":"","ocean_menu_typo_transform":"","ocean_menu_typo_transform_tablet":"","ocean_menu_typo_transform_mobile":"","ocean_menu_typo_line_height":0,"ocean_menu_typo_line_height_tablet":0,"ocean_menu_typo_line_height_mobile":0,"ocean_menu_typo_line_height_unit":"","ocean_menu_typo_spacing":0,"ocean_menu_typo_spacing_tablet":0,"ocean_menu_typo_spacing_mobile":0,"ocean_menu_typo_spacing_unit":"","ocean_menu_link_color":"","ocean_menu_link_color_hover":"","ocean_menu_link_color_active":"","ocean_menu_link_background":"","ocean_menu_link_hover_background":"","ocean_menu_link_active_background":"","ocean_menu_social_links_bg":"","ocean_menu_social_hover_links_bg":"","ocean_menu_social_links_color":"","ocean_menu_social_hover_links_color":"","ocean_disable_title":"default","ocean_disable_heading":"default","ocean_post_title":"","ocean_post_subheading":"","ocean_post_title_style":"","ocean_post_title_background_color":"","ocean_post_title_background":0,"ocean_post_title_bg_image_position":"","ocean_post_title_bg_image_attachment":"","ocean_post_title_bg_image_repeat":"","ocean_post_title_bg_image_size":"","ocean_post_title_height":0,"ocean_post_title_bg_overlay":0.5,"ocean_post_title_bg_overlay_color":"","ocean_disable_breadcrumbs":"default","ocean_breadcrumbs_color":"","ocean_breadcrumbs_separator_color":"","ocean_breadcrumbs_links_color":"","ocean_breadcrumbs_links_hover_color":"","ocean_display_footer_widgets":"default","ocean_display_footer_bottom":"default","ocean_custom_footer_template":"","omw_enable_modal_window":"enable","footnotes":""},"class_list":["post-1154","page","type-page","status-publish","hentry","entry","owp-thumbs-layout-horizontal","owp-btn-normal","owp-tabs-layout-horizontal","has-no-thumbnails","has-product-nav"],"_links":{"self":[{"href":"https:\/\/shadanmart.com\/fr\/wp-json\/wp\/v2\/pages\/1154","targetHints":{"allow":["GET"]}}],"collection":[{"href":"https:\/\/shadanmart.com\/fr\/wp-json\/wp\/v2\/pages"}],"about":[{"href":"https:\/\/shadanmart.com\/fr\/wp-json\/wp\/v2\/types\/page"}],"author":[{"embeddable":true,"href":"https:\/\/shadanmart.com\/fr\/wp-json\/wp\/v2\/users\/1"}],"replies":[{"embeddable":true,"href":"https:\/\/shadanmart.com\/fr\/wp-json\/wp\/v2\/comments?post=1154"}],"version-history":[{"count":31,"href":"https:\/\/shadanmart.com\/fr\/wp-json\/wp\/v2\/pages\/1154\/revisions"}],"predecessor-version":[{"id":2006,"href":"https:\/\/shadanmart.com\/fr\/wp-json\/wp\/v2\/pages\/1154\/revisions\/2006"}],"wp:attachment":[{"href":"https:\/\/shadanmart.com\/fr\/wp-json\/wp\/v2\/media?parent=1154"}],"curies":[{"name":"wp","href":"https:\/\/api.w.org\/{rel}","templated":true}]}}